{"id":225,"date":"2024-05-16T07:11:58","date_gmt":"2024-05-16T05:11:58","guid":{"rendered":"https:\/\/loustautoulon.fr\/?page_id=225"},"modified":"2024-05-18T15:55:39","modified_gmt":"2024-05-18T13:55:39","slug":"conditions-generales-dutilisation","status":"publish","type":"page","link":"https:\/\/loustautoulon.fr\/?page_id=225","title":{"rendered":"Conditions g\u00e9n\u00e9rales d&rsquo;utilisation"},"content":{"rendered":"\t\t<div data-elementor-type=\"wp-page\" data-elementor-id=\"225\" class=\"elementor elementor-225\">\n\t\t\t\t<div class=\"elementor-element elementor-element-e1bc27e e-grid e-con-boxed e-con e-parent\" data-id=\"e1bc27e\" data-element_type=\"container\">\n\t\t\t\t\t<div class=\"e-con-inner\">\n\t\t\t\t<div class=\"elementor-element elementor-element-15b0998 elementor-widget elementor-widget-heading\" data-id=\"15b0998\" data-element_type=\"widget\" data-widget_type=\"heading.default\">\n\t\t\t\t<div class=\"elementor-widget-container\">\n\t\t\t\t\t<h2 class=\"elementor-heading-title elementor-size-default\">Article 1 : les mentions l\u00e9gales<\/h2>\t\t\t\t<\/div>\n\t\t\t\t<\/div>\n\t\t\t\t<div class=\"elementor-element elementor-element-e7b80f5 elementor-widget elementor-widget-text-editor\" data-id=\"e7b80f5\" data-element_type=\"widget\" data-widget_type=\"text-editor.default\">\n\t\t\t\t<div class=\"elementor-widget-container\">\n\t\t\t\t\t\t\t\t\t<p>Ce site est \u00e9dit\u00e9 par la SARL L&rsquo;Oustau immatricul\u00e9e au RCS de Toulon sous le n\u00b0XXX dont le si\u00e8ge social est situ\u00e9 au 22-24 rue Charles Poncy \u00e0 Toulon (83000), contact@loustautoulon.fr.<\/p><p>L&rsquo;h\u00e9bergement du site est assur\u00e9 par la soci\u00e9t\u00e9 Hostinger dont le si\u00e8ge social est situ\u00e9 au XX.<\/p>\t\t\t\t\t\t\t\t<\/div>\n\t\t\t\t<\/div>\n\t\t\t\t\t<\/div>\n\t\t\t\t<\/div>\n\t\t<div class=\"elementor-element elementor-element-315ca20 e-grid e-con-boxed e-con e-parent\" data-id=\"315ca20\" data-element_type=\"container\">\n\t\t\t\t\t<div class=\"e-con-inner\">\n\t\t\t\t<div class=\"elementor-element elementor-element-c5bc8e4 elementor-widget elementor-widget-heading\" data-id=\"c5bc8e4\" data-element_type=\"widget\" data-widget_type=\"heading.default\">\n\t\t\t\t<div class=\"elementor-widget-container\">\n\t\t\t\t\t<h2 class=\"elementor-heading-title elementor-size-default\">Article 2 : acc\u00e8s au site<\/h2>\t\t\t\t<\/div>\n\t\t\t\t<\/div>\n\t\t\t\t<div class=\"elementor-element elementor-element-920cecc elementor-widget elementor-widget-text-editor\" data-id=\"920cecc\" data-element_type=\"widget\" data-widget_type=\"text-editor.default\">\n\t\t\t\t<div class=\"elementor-widget-container\">\n\t\t\t\t\t\t\t\t\t<p>Le site www.loustautoulon.fr permet \u00e0 l&rsquo;utilisateur un service gratuit pour les services suivants :\u00a0<\/p><ul><li>Connaissance des services propos\u00e9s par L&rsquo;Oustau<\/li><li>Consultation de l&rsquo;adresse et des horaires de l&rsquo;\u00e9tablissement<\/li><li>Prise de contact et demande de r\u00e9servation<\/li><\/ul><p>\u00a0<\/p><p>Par ailleurs, le site est accessible gratuitement \u00e0 tout utilisateur qui en fait la demande et disposant d&rsquo;un acc\u00e8s \u00e0 Internet. Les frais pour acc\u00e9der \u00e0 ce service, eux, sont \u00e0 la charge de l&rsquo;utilisateur.<\/p>\t\t\t\t\t\t\t\t<\/div>\n\t\t\t\t<\/div>\n\t\t\t\t\t<\/div>\n\t\t\t\t<\/div>\n\t\t<div class=\"elementor-element elementor-element-24c9d7d e-grid e-con-boxed e-con e-parent\" data-id=\"24c9d7d\" data-element_type=\"container\">\n\t\t\t\t\t<div class=\"e-con-inner\">\n\t\t\t\t<div class=\"elementor-element elementor-element-485ddca elementor-widget elementor-widget-heading\" data-id=\"485ddca\" data-element_type=\"widget\" data-widget_type=\"heading.default\">\n\t\t\t\t<div class=\"elementor-widget-container\">\n\t\t\t\t\t<h2 class=\"elementor-heading-title elementor-size-default\">Article 3 : collecte des donn\u00e9es<\/h2>\t\t\t\t<\/div>\n\t\t\t\t<\/div>\n\t\t\t\t<div class=\"elementor-element elementor-element-d7ad777 elementor-widget elementor-widget-text-editor\" data-id=\"d7ad777\" data-element_type=\"widget\" data-widget_type=\"text-editor.default\">\n\t\t\t\t<div class=\"elementor-widget-container\">\n\t\t\t\t\t\t\t\t\t<p>Conform\u00e9ment \u00e0 la loi Informatique et Libert\u00e9s n\u00b078-17 du 6 janvier 1978 relative \u00e0 l&rsquo;informatique, aux fichiers et aux libert\u00e9s, nous assurons la protection des donn\u00e9es personnelles.<\/p><p>L&rsquo;utilisateur dispose d&rsquo;un droit d&rsquo;acc\u00e8s, de rectification, de suppression et d&rsquo;opposition de ses donn\u00e9es. Il convient de nous en faire la demande \u00e0 contact@loustautoulon.fr.<\/p>\t\t\t\t\t\t\t\t<\/div>\n\t\t\t\t<\/div>\n\t\t\t\t\t<\/div>\n\t\t\t\t<\/div>\n\t\t<div class=\"elementor-element elementor-element-c2f0d9f e-grid e-con-boxed e-con e-parent\" data-id=\"c2f0d9f\" data-element_type=\"container\">\n\t\t\t\t\t<div class=\"e-con-inner\">\n\t\t\t\t<div class=\"elementor-element elementor-element-c0abbfa elementor-widget elementor-widget-heading\" data-id=\"c0abbfa\" data-element_type=\"widget\" data-widget_type=\"heading.default\">\n\t\t\t\t<div class=\"elementor-widget-container\">\n\t\t\t\t\t<h2 class=\"elementor-heading-title elementor-size-default\">Article 4 : propri\u00e9t\u00e9 intellectuelle<\/h2>\t\t\t\t<\/div>\n\t\t\t\t<\/div>\n\t\t\t\t<div class=\"elementor-element elementor-element-df737db elementor-widget elementor-widget-text-editor\" data-id=\"df737db\" data-element_type=\"widget\" data-widget_type=\"text-editor.default\">\n\t\t\t\t<div class=\"elementor-widget-container\">\n\t\t\t\t\t\t\t\t\t<p>Le site www.loustautoulon.fr est la propri\u00e9t\u00e9 de la SARL L&rsquo;Oustau<\/p>\t\t\t\t\t\t\t\t<\/div>\n\t\t\t\t<\/div>\n\t\t\t\t\t<\/div>\n\t\t\t\t<\/div>\n\t\t\t\t<\/div>\n\t\t","protected":false},"excerpt":{"rendered":"<p>Article 1 : les mentions l\u00e9gales Ce site est \u00e9dit\u00e9 par la SARL L&rsquo;Oustau immatricul\u00e9e au RCS de Toulon sous le n\u00b0XXX dont le si\u00e8ge social est situ\u00e9 au 22-24 rue Charles Poncy \u00e0 Toulon (83000), contact@loustautoulon.fr. L&rsquo;h\u00e9bergement du site est assur\u00e9 par la soci\u00e9t\u00e9 Hostinger dont le si\u00e8ge social est situ\u00e9 au XX. Article [&hellip;]<\/p>\n","protected":false},"author":1,"featured_media":0,"parent":0,"menu_order":0,"comment_status":"closed","ping_status":"closed","template":"","meta":{"_monsterinsights_skip_tracking":false,"_monsterinsights_sitenote_active":false,"_monsterinsights_sitenote_note":"","_monsterinsights_sitenote_category":0,"_themeisle_gutenberg_block_has_review":false,"footnotes":""},"class_list":["post-225","page","type-page","status-publish","hentry"],"aioseo_notices":[],"_links":{"self":[{"href":"https:\/\/loustautoulon.fr\/index.php?rest_route=\/wp\/v2\/pages\/225","targetHints":{"allow":["GET"]}}],"collection":[{"href":"https:\/\/loustautoulon.fr\/index.php?rest_route=\/wp\/v2\/pages"}],"about":[{"href":"https:\/\/loustautoulon.fr\/index.php?rest_route=\/wp\/v2\/types\/page"}],"author":[{"embeddable":true,"href":"https:\/\/loustautoulon.fr\/index.php?rest_route=\/wp\/v2\/users\/1"}],"replies":[{"embeddable":true,"href":"https:\/\/loustautoulon.fr\/index.php?rest_route=%2Fwp%2Fv2%2Fcomments&post=225"}],"version-history":[{"count":6,"href":"https:\/\/loustautoulon.fr\/index.php?rest_route=\/wp\/v2\/pages\/225\/revisions"}],"predecessor-version":[{"id":231,"href":"https:\/\/loustautoulon.fr\/index.php?rest_route=\/wp\/v2\/pages\/225\/revisions\/231"}],"wp:attachment":[{"href":"https:\/\/loustautoulon.fr\/index.php?rest_route=%2Fwp%2Fv2%2Fmedia&parent=225"}],"curies":[{"name":"wp","href":"https:\/\/api.w.org\/{rel}","templated":true}]}}