{"id":388,"date":"2024-05-20T12:32:02","date_gmt":"2024-05-20T10:32:02","guid":{"rendered":"https:\/\/loustautoulon.fr\/?page_id=388"},"modified":"2026-04-01T20:44:52","modified_gmt":"2026-04-01T18:44:52","slug":"nos-evenements","status":"publish","type":"page","link":"https:\/\/loustautoulon.fr\/?page_id=388","title":{"rendered":"Nos \u00e9v\u00e8nements"},"content":{"rendered":"\t\t<div data-elementor-type=\"wp-page\" data-elementor-id=\"388\" class=\"elementor elementor-388\">\n\t\t\t\t<div class=\"elementor-element elementor-element-3b0dae4b e-con-full e-flex e-con e-parent\" data-id=\"3b0dae4b\" data-element_type=\"container\" data-settings=\"{&quot;background_background&quot;:&quot;classic&quot;}\">\n\t\t<div class=\"elementor-element elementor-element-1bb33126 e-con-full e-flex e-con e-child\" data-id=\"1bb33126\" data-element_type=\"container\">\n\t\t\t\t<div class=\"elementor-element elementor-element-613455f9 elementor-widget__width-initial elementor-widget elementor-widget-heading\" data-id=\"613455f9\" data-element_type=\"widget\" data-widget_type=\"heading.default\">\n\t\t\t\t<div class=\"elementor-widget-container\">\n\t\t\t\t\t<h1 class=\"elementor-heading-title elementor-size-default\">Que faire \u00e0 L'Oustau ?<\/h1>\t\t\t\t<\/div>\n\t\t\t\t<\/div>\n\t\t\t\t<div class=\"elementor-element elementor-element-265240ad elementor-widget__width-initial elementor-widget elementor-widget-text-editor\" data-id=\"265240ad\" data-element_type=\"widget\" data-widget_type=\"text-editor.default\">\n\t\t\t\t<div class=\"elementor-widget-container\">\n\t\t\t\t\t\t\t\t\t<p>Impossible de r\u00e9sumer en une phrase les activit\u00e9s \u00e0 l&rsquo;Oustau : <strong>c\u2019est un endroit o\u00f9 l\u2019on peut \u00e0 la fois manger, boire un verre, participer \u00e0 un atelier th\u00e9matique, rencontrer des porteurs de projets, se connecter&#8230;<\/strong><\/p><p>Dans une ambiance conviviale, entre mobilier chin\u00e9, d\u00e9coration originale et canap\u00e9s confortables, L&rsquo;Oustau est un laboratoire \u00e0 id\u00e9es, une p\u00e9pini\u00e8re d\u2019initiatives, <strong>un champ des possibles.<\/strong><\/p><p>Vous souhaitez proposer ou organiser un \u00e9v\u00e8nement ?<\/p>\t\t\t\t\t\t\t\t<\/div>\n\t\t\t\t<\/div>\n\t\t\t\t<div class=\"elementor-element elementor-element-771730fc elementor-mobile-align-center elementor-widget elementor-widget-button\" data-id=\"771730fc\" data-element_type=\"widget\" data-widget_type=\"button.default\">\n\t\t\t\t<div class=\"elementor-widget-container\">\n\t\t\t\t\t\t\t\t\t<div class=\"elementor-button-wrapper\">\n\t\t\t\t\t<a class=\"elementor-button elementor-button-link elementor-size-sm\" href=\"https:\/\/loustautoulon.fr\/?page_id=79\">\n\t\t\t\t\t\t<span class=\"elementor-button-content-wrapper\">\n\t\t\t\t\t\t\t\t\t<span class=\"elementor-button-text\">Contactez-nous !<\/span>\n\t\t\t\t\t<\/span>\n\t\t\t\t\t<\/a>\n\t\t\t\t<\/div>\n\t\t\t\t\t\t\t\t<\/div>\n\t\t\t\t<\/div>\n\t\t\t\t<\/div>\n\t\t<div class=\"elementor-element elementor-element-33cf45d e-con-full e-flex e-con e-child\" data-id=\"33cf45d\" data-element_type=\"container\">\n\t\t\t\t<div class=\"elementor-element elementor-element-96c9f14 elementor-widget elementor-widget-image\" data-id=\"96c9f14\" data-element_type=\"widget\" data-widget_type=\"image.default\">\n\t\t\t\t<div class=\"elementor-widget-container\">\n\t\t\t\t\t\t\t\t\t\t\t\t\t\t\t<img fetchpriority=\"high\" decoding=\"async\" width=\"800\" height=\"534\" src=\"https:\/\/loustautoulon.fr\/wp-content\/uploads\/2024\/10\/LOUSTAOU_07_2024-8-1024x683.jpg\" class=\"attachment-large size-large wp-image-954\" alt=\"\" srcset=\"https:\/\/loustautoulon.fr\/wp-content\/uploads\/2024\/10\/LOUSTAOU_07_2024-8-1024x683.jpg 1024w, https:\/\/loustautoulon.fr\/wp-content\/uploads\/2024\/10\/LOUSTAOU_07_2024-8-300x200.jpg 300w, https:\/\/loustautoulon.fr\/wp-content\/uploads\/2024\/10\/LOUSTAOU_07_2024-8-768x512.jpg 768w, https:\/\/loustautoulon.fr\/wp-content\/uploads\/2024\/10\/LOUSTAOU_07_2024-8-1536x1024.jpg 1536w, https:\/\/loustautoulon.fr\/wp-content\/uploads\/2024\/10\/LOUSTAOU_07_2024-8-2048x1365.jpg 2048w\" sizes=\"(max-width: 800px) 100vw, 800px\" \/>\t\t\t\t\t\t\t\t\t\t\t\t\t\t\t<\/div>\n\t\t\t\t<\/div>\n\t\t\t\t<\/div>\n\t\t\t\t<\/div>\n\t\t<div class=\"elementor-element elementor-element-2f01be2c e-flex e-con-boxed e-con e-parent\" data-id=\"2f01be2c\" data-element_type=\"container\">\n\t\t\t\t\t<div class=\"e-con-inner\">\n\t\t\t\t<div class=\"elementor-element elementor-element-36078500 elementor-widget elementor-widget-heading\" data-id=\"36078500\" data-element_type=\"widget\" data-widget_type=\"heading.default\">\n\t\t\t\t<div class=\"elementor-widget-container\">\n\t\t\t\t\t<h3 class=\"elementor-heading-title elementor-size-default\">#mieuxconsommer #mieuxvivreensemble<\/h3>\t\t\t\t<\/div>\n\t\t\t\t<\/div>\n\t\t\t\t<div class=\"elementor-element elementor-element-736fc5b elementor-view-default elementor-widget elementor-widget-icon\" data-id=\"736fc5b\" data-element_type=\"widget\" data-widget_type=\"icon.default\">\n\t\t\t\t<div class=\"elementor-widget-container\">\n\t\t\t\t\t\t\t<div class=\"elementor-icon-wrapper\">\n\t\t\t<div class=\"elementor-icon\">\n\t\t\t<svg aria-hidden=\"true\" class=\"e-font-icon-svg e-fas-sun\" viewBox=\"0 0 512 512\" xmlns=\"http:\/\/www.w3.org\/2000\/svg\"><path d=\"M256 160c-52.9 0-96 43.1-96 96s43.1 96 96 96 96-43.1 96-96-43.1-96-96-96zm246.4 80.5l-94.7-47.3 33.5-100.4c4.5-13.6-8.4-26.5-21.9-21.9l-100.4 33.5-47.4-94.8c-6.4-12.8-24.6-12.8-31 0l-47.3 94.7L92.7 70.8c-13.6-4.5-26.5 8.4-21.9 21.9l33.5 100.4-94.7 47.4c-12.8 6.4-12.8 24.6 0 31l94.7 47.3-33.5 100.5c-4.5 13.6 8.4 26.5 21.9 21.9l100.4-33.5 47.3 94.7c6.4 12.8 24.6 12.8 31 0l47.3-94.7 100.4 33.5c13.6 4.5 26.5-8.4 21.9-21.9l-33.5-100.4 94.7-47.3c13-6.5 13-24.7.2-31.1zm-155.9 106c-49.9 49.9-131.1 49.9-181 0-49.9-49.9-49.9-131.1 0-181 49.9-49.9 131.1-49.9 181 0 49.9 49.9 49.9 131.1 0 181z\"><\/path><\/svg>\t\t\t<\/div>\n\t\t<\/div>\n\t\t\t\t\t\t<\/div>\n\t\t\t\t<\/div>\n\t\t\t\t\t<\/div>\n\t\t\t\t<\/div>\n\t\t<div class=\"elementor-element elementor-element-619046a6 e-con-full e-flex e-con e-parent\" data-id=\"619046a6\" data-element_type=\"container\" id=\"next\">\n\t\t\t\t<div class=\"elementor-element elementor-element-144096b2 elementor-widget elementor-widget-heading\" data-id=\"144096b2\" data-element_type=\"widget\" data-widget_type=\"heading.default\">\n\t\t\t\t<div class=\"elementor-widget-container\">\n\t\t\t\t\t<h3 class=\"elementor-heading-title elementor-size-default\">Nos \u00e9v\u00e8nements type<\/h3>\t\t\t\t<\/div>\n\t\t\t\t<\/div>\n\t\t\t\t<div class=\"elementor-element elementor-element-143a0f33 elementor-widget elementor-widget-heading\" data-id=\"143a0f33\" data-element_type=\"widget\" data-widget_type=\"heading.default\">\n\t\t\t\t<div class=\"elementor-widget-container\">\n\t\t\t\t\t<p class=\"elementor-heading-title elementor-size-default\"><a href=\"https:\/\/www.instagram.com\/loustautoulon\/\">Retrouvez tout notre programmation sur notre compte instagram : loustautoulon<\/a><\/p>\t\t\t\t<\/div>\n\t\t\t\t<\/div>\n\t\t<div class=\"elementor-element elementor-element-4439d18c e-con-full e-flex e-con e-child\" data-id=\"4439d18c\" data-element_type=\"container\">\n\t\t<div class=\"elementor-element elementor-element-17d3ef9c e-con-full e-flex e-con e-child\" data-id=\"17d3ef9c\" data-element_type=\"container\">\n\t\t\t\t<div class=\"elementor-element elementor-element-76dddd47 elementor-position-top elementor-widget elementor-widget-image-box\" data-id=\"76dddd47\" data-element_type=\"widget\" data-widget_type=\"image-box.default\">\n\t\t\t\t<div class=\"elementor-widget-container\">\n\t\t\t\t\t<div class=\"elementor-image-box-wrapper\"><figure class=\"elementor-image-box-img\"><a href=\"#\" tabindex=\"-1\"><img decoding=\"async\" width=\"2560\" height=\"1707\" src=\"https:\/\/loustautoulon.fr\/wp-content\/uploads\/2024\/05\/pexels-bertellifotografia-3856027-scaled.jpg\" class=\"elementor-animation-grow attachment-full size-full wp-image-410\" alt=\"\" srcset=\"https:\/\/loustautoulon.fr\/wp-content\/uploads\/2024\/05\/pexels-bertellifotografia-3856027-scaled.jpg 2560w, https:\/\/loustautoulon.fr\/wp-content\/uploads\/2024\/05\/pexels-bertellifotografia-3856027-300x200.jpg 300w, https:\/\/loustautoulon.fr\/wp-content\/uploads\/2024\/05\/pexels-bertellifotografia-3856027-1024x683.jpg 1024w, https:\/\/loustautoulon.fr\/wp-content\/uploads\/2024\/05\/pexels-bertellifotografia-3856027-768x512.jpg 768w, https:\/\/loustautoulon.fr\/wp-content\/uploads\/2024\/05\/pexels-bertellifotografia-3856027-1536x1024.jpg 1536w, https:\/\/loustautoulon.fr\/wp-content\/uploads\/2024\/05\/pexels-bertellifotografia-3856027-2048x1365.jpg 2048w\" sizes=\"(max-width: 2560px) 100vw, 2560px\" \/><\/a><\/figure><div class=\"elementor-image-box-content\"><h4 class=\"elementor-image-box-title\"><a href=\"#\">Rencontres entrepreneuriales<\/a><\/h4><p class=\"elementor-image-box-description\">Venez \u00e0 la rencontre d'entrepreneur.es engag\u00e9.es et r\u00e9seautez dans une ambiance conviviale !<\/p><\/div><\/div>\t\t\t\t<\/div>\n\t\t\t\t<\/div>\n\t\t\t\t<\/div>\n\t\t<div class=\"elementor-element elementor-element-22001901 e-con-full e-flex e-con e-child\" data-id=\"22001901\" data-element_type=\"container\">\n\t\t\t\t<div class=\"elementor-element elementor-element-67cc4804 elementor-position-top elementor-widget elementor-widget-image-box\" data-id=\"67cc4804\" data-element_type=\"widget\" data-widget_type=\"image-box.default\">\n\t\t\t\t<div class=\"elementor-widget-container\">\n\t\t\t\t\t<div class=\"elementor-image-box-wrapper\"><figure class=\"elementor-image-box-img\"><a href=\"#\" tabindex=\"-1\"><img decoding=\"async\" width=\"2560\" height=\"1707\" src=\"https:\/\/loustautoulon.fr\/wp-content\/uploads\/2024\/08\/or-hakim-S2Eql9vHN3o-unsplash-scaled.jpg\" class=\"elementor-animation-grow attachment-full size-full wp-image-771\" alt=\"\" srcset=\"https:\/\/loustautoulon.fr\/wp-content\/uploads\/2024\/08\/or-hakim-S2Eql9vHN3o-unsplash-scaled.jpg 2560w, https:\/\/loustautoulon.fr\/wp-content\/uploads\/2024\/08\/or-hakim-S2Eql9vHN3o-unsplash-300x200.jpg 300w, https:\/\/loustautoulon.fr\/wp-content\/uploads\/2024\/08\/or-hakim-S2Eql9vHN3o-unsplash-1024x683.jpg 1024w, https:\/\/loustautoulon.fr\/wp-content\/uploads\/2024\/08\/or-hakim-S2Eql9vHN3o-unsplash-768x512.jpg 768w, https:\/\/loustautoulon.fr\/wp-content\/uploads\/2024\/08\/or-hakim-S2Eql9vHN3o-unsplash-1536x1024.jpg 1536w, https:\/\/loustautoulon.fr\/wp-content\/uploads\/2024\/08\/or-hakim-S2Eql9vHN3o-unsplash-2048x1365.jpg 2048w\" sizes=\"(max-width: 2560px) 100vw, 2560px\" \/><\/a><\/figure><div class=\"elementor-image-box-content\"><h4 class=\"elementor-image-box-title\"><a href=\"#\">Atelier de cuisine anti-gaspi<\/a><\/h4><p class=\"elementor-image-box-description\">Des fruits et l\u00e9gumes ab\u00eem\u00e9s ou un peu trop m\u00fbrs ? Pas de probl\u00e8me on vous apprend \u00e0 ne pas les jeter et les transformer en de d\u00e9licieux plats<\/p><\/div><\/div>\t\t\t\t<\/div>\n\t\t\t\t<\/div>\n\t\t\t\t<\/div>\n\t\t<div class=\"elementor-element elementor-element-28923ab4 e-con-full e-flex e-con e-child\" data-id=\"28923ab4\" data-element_type=\"container\">\n\t\t\t\t<div class=\"elementor-element elementor-element-4f943eec elementor-position-top elementor-widget elementor-widget-image-box\" data-id=\"4f943eec\" data-element_type=\"widget\" data-widget_type=\"image-box.default\">\n\t\t\t\t<div class=\"elementor-widget-container\">\n\t\t\t\t\t<div class=\"elementor-image-box-wrapper\"><figure class=\"elementor-image-box-img\"><a href=\"#\" tabindex=\"-1\"><img loading=\"lazy\" decoding=\"async\" width=\"2560\" height=\"1707\" src=\"https:\/\/loustautoulon.fr\/wp-content\/uploads\/2024\/07\/LOUSTAOU_07_2024-20-scaled.jpg\" class=\"elementor-animation-grow attachment-full size-full wp-image-699\" alt=\"\" srcset=\"https:\/\/loustautoulon.fr\/wp-content\/uploads\/2024\/07\/LOUSTAOU_07_2024-20-scaled.jpg 2560w, https:\/\/loustautoulon.fr\/wp-content\/uploads\/2024\/07\/LOUSTAOU_07_2024-20-300x200.jpg 300w, https:\/\/loustautoulon.fr\/wp-content\/uploads\/2024\/07\/LOUSTAOU_07_2024-20-1024x683.jpg 1024w, https:\/\/loustautoulon.fr\/wp-content\/uploads\/2024\/07\/LOUSTAOU_07_2024-20-768x512.jpg 768w, https:\/\/loustautoulon.fr\/wp-content\/uploads\/2024\/07\/LOUSTAOU_07_2024-20-1536x1024.jpg 1536w, https:\/\/loustautoulon.fr\/wp-content\/uploads\/2024\/07\/LOUSTAOU_07_2024-20-2048x1365.jpg 2048w\" sizes=\"(max-width: 2560px) 100vw, 2560px\" \/><\/a><\/figure><div class=\"elementor-image-box-content\"><h4 class=\"elementor-image-box-title\"><a href=\"#\">Pr\u00e9sentation d'une marque<\/a><\/h4><p class=\"elementor-image-box-description\">R\u00e9guli\u00e8rement, nous mettons en avant une marque (ou un service) et ses engagements en faveur d'une consommation plus responsable <\/p><\/div><\/div>\t\t\t\t<\/div>\n\t\t\t\t<\/div>\n\t\t\t\t<\/div>\n\t\t\t\t<\/div>\n\t\t\t\t<\/div>\n\t\t<div class=\"elementor-element elementor-element-23f0a00 e-flex e-con-boxed e-con e-parent\" data-id=\"23f0a00\" data-element_type=\"container\">\n\t\t\t\t\t<div class=\"e-con-inner\">\n\t\t\t\t<div class=\"elementor-element elementor-element-5474d11 elementor-widget elementor-widget-heading\" data-id=\"5474d11\" data-element_type=\"widget\" data-widget_type=\"heading.default\">\n\t\t\t\t<div class=\"elementor-widget-container\">\n\t\t\t\t\t<h3 class=\"elementor-heading-title elementor-size-default\">Envie de nous proposer un projet?  N\u2019h\u00e9sitez pas \u00e0 nous contacter<\/h3>\t\t\t\t<\/div>\n\t\t\t\t<\/div>\n\t\t\t\t<div class=\"elementor-element elementor-element-c588e16 elementor-widget elementor-widget-text-editor\" data-id=\"c588e16\" data-element_type=\"widget\" data-widget_type=\"text-editor.default\">\n\t\t\t\t<div class=\"elementor-widget-container\">\n\t\t\t\t\t\t\t\t\t<p>Venez nous rencontrer directement \u00e0 l&rsquo;Oustau ou bien \u00e9crivez-nous \u00e0 contact@loustautoulon.fr nous serons ravis d&rsquo;\u00e9changer avec vous !<\/p>\t\t\t\t\t\t\t\t<\/div>\n\t\t\t\t<\/div>\n\t\t\t\t<div class=\"elementor-element elementor-element-55beef8 elementor-view-default elementor-widget elementor-widget-icon\" data-id=\"55beef8\" data-element_type=\"widget\" data-widget_type=\"icon.default\">\n\t\t\t\t<div class=\"elementor-widget-container\">\n\t\t\t\t\t\t\t<div class=\"elementor-icon-wrapper\">\n\t\t\t<div class=\"elementor-icon\">\n\t\t\t<svg aria-hidden=\"true\" class=\"e-font-icon-svg e-fas-sun\" viewBox=\"0 0 512 512\" xmlns=\"http:\/\/www.w3.org\/2000\/svg\"><path d=\"M256 160c-52.9 0-96 43.1-96 96s43.1 96 96 96 96-43.1 96-96-43.1-96-96-96zm246.4 80.5l-94.7-47.3 33.5-100.4c4.5-13.6-8.4-26.5-21.9-21.9l-100.4 33.5-47.4-94.8c-6.4-12.8-24.6-12.8-31 0l-47.3 94.7L92.7 70.8c-13.6-4.5-26.5 8.4-21.9 21.9l33.5 100.4-94.7 47.4c-12.8 6.4-12.8 24.6 0 31l94.7 47.3-33.5 100.5c-4.5 13.6 8.4 26.5 21.9 21.9l100.4-33.5 47.3 94.7c6.4 12.8 24.6 12.8 31 0l47.3-94.7 100.4 33.5c13.6 4.5 26.5-8.4 21.9-21.9l-33.5-100.4 94.7-47.3c13-6.5 13-24.7.2-31.1zm-155.9 106c-49.9 49.9-131.1 49.9-181 0-49.9-49.9-49.9-131.1 0-181 49.9-49.9 131.1-49.9 181 0 49.9 49.9 49.9 131.1 0 181z\"><\/path><\/svg>\t\t\t<\/div>\n\t\t<\/div>\n\t\t\t\t\t\t<\/div>\n\t\t\t\t<\/div>\n\t\t\t\t\t<\/div>\n\t\t\t\t<\/div>\n\t\t<footer class=\"elementor-element elementor-element-5a21f839 e-con-full e-flex e-con e-parent\" data-id=\"5a21f839\" data-element_type=\"container\">\n\t\t<div class=\"elementor-element elementor-element-2e109af3 e-con-full e-flex e-con e-child\" data-id=\"2e109af3\" data-element_type=\"container\">\n\t\t\t\t<div class=\"elementor-element elementor-element-591b004b elementor-widget elementor-widget-image\" data-id=\"591b004b\" data-element_type=\"widget\" data-widget_type=\"image.default\">\n\t\t\t\t<div class=\"elementor-widget-container\">\n\t\t\t\t\t\t\t\t\t\t\t\t\t\t\t<img decoding=\"async\" src=\"https:\/\/loustautoulon.fr\/wp-content\/uploads\/elementor\/thumbs\/cropped-Ioustau-qo5ioe2u4p73nirj5rf0i8xwqf35h09bd7lu99qo2g.png\" title=\"Loustau logo\" alt=\"Loustau logo\" loading=\"lazy\" \/>\t\t\t\t\t\t\t\t\t\t\t\t\t\t\t<\/div>\n\t\t\t\t<\/div>\n\t\t\t\t<\/div>\n\t\t<div class=\"elementor-element elementor-element-4e3a583b e-con-full e-flex e-con e-child\" data-id=\"4e3a583b\" data-element_type=\"container\">\n\t\t\t\t<div class=\"elementor-element elementor-element-2c140146 elementor-icon-list--layout-inline elementor-tablet-align-center elementor-align-center elementor-list-item-link-full_width elementor-widget elementor-widget-icon-list\" data-id=\"2c140146\" data-element_type=\"widget\" data-widget_type=\"icon-list.default\">\n\t\t\t\t<div class=\"elementor-widget-container\">\n\t\t\t\t\t\t\t<ul class=\"elementor-icon-list-items elementor-inline-items\">\n\t\t\t\t\t\t\t<li class=\"elementor-icon-list-item elementor-inline-item\">\n\t\t\t\t\t\t\t\t\t\t<span class=\"elementor-icon-list-text\">contact@loustautoulon.fr<\/span>\n\t\t\t\t\t\t\t\t\t<\/li>\n\t\t\t\t\t\t\t\t<li class=\"elementor-icon-list-item elementor-inline-item\">\n\t\t\t\t\t\t\t\t\t\t<span class=\"elementor-icon-list-text\">22-24 rue Charles Poncy, Toulon<\/span>\n\t\t\t\t\t\t\t\t\t<\/li>\n\t\t\t\t\t\t\t\t<li class=\"elementor-icon-list-item elementor-inline-item\">\n\t\t\t\t\t\t\t\t\t\t<span class=\"elementor-icon-list-text\">Du mardi au samedi<\/span>\n\t\t\t\t\t\t\t\t\t<\/li>\n\t\t\t\t\t\t<\/ul>\n\t\t\t\t\t\t<\/div>\n\t\t\t\t<\/div>\n\t\t\t\t<\/div>\n\t\t<div class=\"elementor-element elementor-element-40764803 e-con-full e-flex e-con e-child\" data-id=\"40764803\" data-element_type=\"container\">\n\t\t\t\t<div class=\"elementor-element elementor-element-5970ab0b e-grid-align-right e-grid-align-tablet-right e-grid-align-mobile-center elementor-widget-mobile__width-inherit elementor-shape-rounded elementor-grid-0 elementor-widget elementor-widget-social-icons\" data-id=\"5970ab0b\" data-element_type=\"widget\" data-widget_type=\"social-icons.default\">\n\t\t\t\t<div class=\"elementor-widget-container\">\n\t\t\t\t\t\t\t<div class=\"elementor-social-icons-wrapper elementor-grid\" role=\"list\">\n\t\t\t\t\t\t\t<span class=\"elementor-grid-item\" role=\"listitem\">\n\t\t\t\t\t<a class=\"elementor-icon elementor-social-icon elementor-social-icon-facebook-f elementor-repeater-item-3f1b7ac\" target=\"_blank\">\n\t\t\t\t\t\t<span class=\"elementor-screen-only\">Facebook-f<\/span>\n\t\t\t\t\t\t<svg aria-hidden=\"true\" class=\"e-font-icon-svg e-fab-facebook-f\" viewBox=\"0 0 320 512\" xmlns=\"http:\/\/www.w3.org\/2000\/svg\"><path d=\"M279.14 288l14.22-92.66h-88.91v-60.13c0-25.35 12.42-50.06 52.24-50.06h40.42V6.26S260.43 0 225.36 0c-73.22 0-121.08 44.38-121.08 124.72v70.62H22.89V288h81.39v224h100.17V288z\"><\/path><\/svg>\t\t\t\t\t<\/a>\n\t\t\t\t<\/span>\n\t\t\t\t\t\t\t<span class=\"elementor-grid-item\" role=\"listitem\">\n\t\t\t\t\t<a class=\"elementor-icon elementor-social-icon elementor-social-icon- elementor-repeater-item-5c0ce3c\" target=\"_blank\">\n\t\t\t\t\t\t<span class=\"elementor-screen-only\"><\/span>\n\t\t\t\t\t\t<svg xmlns=\"http:\/\/www.w3.org\/2000\/svg\" id=\"aaf4d88f-6908-42b9-b3d6-5d6a3ec06a43\" data-name=\"Layer 1\" width=\"27\" height=\"26\" viewBox=\"0 0 27 26\"><path d=\"M26.9922,13.12c0-1.952.0071-3.904-.0054-5.856a7.4912,7.4912,0,0,0-.12-1.3338,6.9762,6.9762,0,0,0-2.4989-4.1911,7.3149,7.3149,0,0,0-4.73-1.7279c-4.031-.02-8.0623-.0061-12.0935-.0071a7.347,7.347,0,0,0-3.6653.907,6.9367,6.9367,0,0,0-3.85,6.2265C-.025,11.0332.0121,14.93.0169,18.8272a6.5069,6.5069,0,0,0,.8908,3.3475A7.2785,7.2785,0,0,0,7.419,25.9708c4.0565.0558,8.1145.0148,12.1719.0131a7.6378,7.6378,0,0,0,4.9015-1.8408,6.9218,6.9218,0,0,0,2.4928-5.276C27.0143,16.9517,26.9915,15.0354,26.9922,13.12ZM13.4174,20.21a7.3625,7.3625,0,0,1-7.4061-7.2182,7.3505,7.3505,0,0,1,7.4992-7.2115,7.3516,7.3516,0,0,1,7.4852,7.2146A7.37,7.37,0,0,1,13.4174,20.21ZM22.4962,5.7791a1.48,1.48,0,0,1-1.5005-1.4476,1.5014,1.5014,0,0,1,3-.0009A1.481,1.481,0,0,1,22.4962,5.7791Z\" transform=\"translate(0 0)\" style=\"fill-rule:evenodd\"><\/path><path d=\"M13.4969,8.3571a4.7331,4.7331,0,0,0-4.8183,4.6445,4.74,4.74,0,0,0,4.8241,4.6413,4.74,4.74,0,0,0,4.8187-4.6466A4.7342,4.7342,0,0,0,13.4969,8.3571Z\" transform=\"translate(0 0)\" style=\"fill-rule:evenodd\"><\/path><\/svg>\t\t\t\t\t<\/a>\n\t\t\t\t<\/span>\n\t\t\t\t\t<\/div>\n\t\t\t\t\t\t<\/div>\n\t\t\t\t<\/div>\n\t\t\t\t<\/div>\n\t\t\t\t<\/footer>\n\t\t\t\t<\/div>\n\t\t","protected":false},"excerpt":{"rendered":"<p>Que faire \u00e0 L&rsquo;Oustau ? Impossible de r\u00e9sumer en une phrase les activit\u00e9s \u00e0 l&rsquo;Oustau : c\u2019est un endroit o\u00f9 l\u2019on peut \u00e0 la fois manger, boire un verre, participer \u00e0 un atelier th\u00e9matique, rencontrer des porteurs de projets, se connecter&#8230; Dans une ambiance conviviale, entre mobilier chin\u00e9, d\u00e9coration originale et canap\u00e9s confortables, L&rsquo;Oustau est [&hellip;]<\/p>\n","protected":false},"author":1,"featured_media":0,"parent":0,"menu_order":0,"comment_status":"closed","ping_status":"closed","template":"","meta":{"_monsterinsights_skip_tracking":false,"_monsterinsights_sitenote_active":false,"_monsterinsights_sitenote_note":"","_monsterinsights_sitenote_category":0,"_themeisle_gutenberg_block_has_review":false,"footnotes":""},"class_list":["post-388","page","type-page","status-publish","hentry"],"aioseo_notices":[],"_links":{"self":[{"href":"https:\/\/loustautoulon.fr\/index.php?rest_route=\/wp\/v2\/pages\/388","targetHints":{"allow":["GET"]}}],"collection":[{"href":"https:\/\/loustautoulon.fr\/index.php?rest_route=\/wp\/v2\/pages"}],"about":[{"href":"https:\/\/loustautoulon.fr\/index.php?rest_route=\/wp\/v2\/types\/page"}],"author":[{"embeddable":true,"href":"https:\/\/loustautoulon.fr\/index.php?rest_route=\/wp\/v2\/users\/1"}],"replies":[{"embeddable":true,"href":"https:\/\/loustautoulon.fr\/index.php?rest_route=%2Fwp%2Fv2%2Fcomments&post=388"}],"version-history":[{"count":111,"href":"https:\/\/loustautoulon.fr\/index.php?rest_route=\/wp\/v2\/pages\/388\/revisions"}],"predecessor-version":[{"id":1160,"href":"https:\/\/loustautoulon.fr\/index.php?rest_route=\/wp\/v2\/pages\/388\/revisions\/1160"}],"wp:attachment":[{"href":"https:\/\/loustautoulon.fr\/index.php?rest_route=%2Fwp%2Fv2%2Fmedia&parent=388"}],"curies":[{"name":"wp","href":"https:\/\/api.w.org\/{rel}","templated":true}]}}